{"id":318,"date":"2019-06-19T16:50:54","date_gmt":"2019-06-19T16:50:54","guid":{"rendered":"http:\/\/brizamedia.ch\/wordpress_0\/?page_id=318"},"modified":"2021-12-20T10:07:20","modified_gmt":"2021-12-20T10:07:20","slug":"impressum","status":"publish","type":"page","link":"https:\/\/brizamedia.ch\/wordpress_0\/impressum\/","title":{"rendered":"Impressum"},"content":{"rendered":"\n<p>Brizamedia<br>Gerstern 620<br>9056 Gais\u00a0<br>Schweiz\u00a0<br><br>Telefon: +41 79 891 12 64<br><br>E-Mail:\u00a0<a href=\"mailto:info@brizamedia.ch\">info@brizamedia.ch<\/a><br>Internet:\u00a0<a href=\"http:\/\/www.brizamedia.ch\/\">www.brizamedia.ch<\/a><br><br>Brizamedia ist eine Sparte der Plankton GmbH\u00a0<br>Handelsregister-Nummer: CH-310.4.001.897-4<\/p>\n\n\n\n<p><br><strong>Copyright Bild und Text<\/strong><br>Konzept und Inhalte der Internetseite sind eine Kreation von Brizamedia. Alle Rechte vorbehalten. S\u00e4mtliche graphische Darstellungen, Fotos\/Bilder und Texte auf dieser Internetseite sind Eigentum von Brizamedia und urheberrechtlich gesch\u00fctzt. Sie d\u00fcrfen nicht ohne ausdr\u00fcckliche Einwilligung weiterverwendet werden.&nbsp;<br><br><strong>Haftungshinweis<\/strong><br>Trotz sorgf\u00e4ltiger Kontrolle und Pr\u00fcfung \u00fcbernehmen wir keine Haftung f\u00fcr die Inhalte externer Links. F\u00fcr die Inhalte der verlinkten Seiten sind ausschliesslich deren Betreiber verantwortlich.<\/p>\n\n\n\n<p><strong>Umsetzung<\/strong><br><a href=\"http:\/\/www.u-fisch.de\">Online Design U-Fischer<\/a><\/p>\n","protected":false},"excerpt":{"rendered":"<p>BrizamediaGerstern 6209056 Gais\u00a0Schweiz\u00a0 Telefon: +41 79 891 12 64 E-Mail:\u00a0info@brizamedia.chInternet:\u00a0www.brizamedia.ch Brizamedia ist eine Sparte der Plankton GmbH\u00a0Handelsregister-Nummer: CH-310.4.001.897-4 Copyright Bild und TextKonzept und Inhalte der Internetseite sind eine Kreation von Brizamedia. Alle Rechte vorbehalten. S\u00e4mtliche graphische Darstellungen, Fotos\/Bilder und Texte auf dieser Internetseite sind Eigentum von Brizamedia und urheberrechtlich gesch\u00fctzt. Sie d\u00fcrfen nicht ohne ausdr\u00fcckliche Einwilligung weiterverwendet werden.&nbsp; HaftungshinweisTrotz sorgf\u00e4ltiger Kontrolle und Pr\u00fcfung \u00fcbernehmen wir keine Haftung f\u00fcr die Inhalte externer Links. F\u00fcr die Inhalte der verlinkten Seiten sind ausschliesslich deren Betreiber verantwortlich. UmsetzungOnline Design U-Fischer<\/p>\n","protected":false},"author":1,"featured_media":0,"parent":0,"menu_order":0,"comment_status":"closed","ping_status":"closed","template":"","meta":{"footnotes":""},"class_list":["post-318","page","type-page","status-publish","hentry"],"yoast_head":"<!-- This site is optimized with the Yoast SEO plugin v27.0 - https:\/\/yoast.com\/product\/yoast-seo-wordpress\/ -->\n<title>Impressum - Brizamedia<\/title>\n<meta name=\"robots\" content=\"index, follow, max-snippet:-1, max-image-preview:large, max-video-preview:-1\" \/>\n<link rel=\"canonical\" href=\"https:\/\/brizamedia.ch\/wordpress_0\/impressum\/\" \/>\n<meta property=\"og:locale\" content=\"en_US\" \/>\n<meta property=\"og:type\" content=\"article\" \/>\n<meta property=\"og:title\" content=\"Impressum - Brizamedia\" \/>\n<meta property=\"og:description\" content=\"BrizamediaGerstern 6209056 Gais\u00a0Schweiz\u00a0 Telefon: +41 79 891 12 64 E-Mail:\u00a0info@brizamedia.chInternet:\u00a0www.brizamedia.ch Brizamedia ist eine Sparte der Plankton GmbH\u00a0Handelsregister-Nummer: CH-310.4.001.897-4 Copyright Bild und TextKonzept und Inhalte der Internetseite sind eine Kreation von Brizamedia. Alle Rechte vorbehalten. S\u00e4mtliche graphische Darstellungen, Fotos\/Bilder und Texte auf dieser Internetseite sind Eigentum von Brizamedia und urheberrechtlich gesch\u00fctzt. Sie d\u00fcrfen nicht ohne ausdr\u00fcckliche Einwilligung weiterverwendet werden.&nbsp; HaftungshinweisTrotz sorgf\u00e4ltiger Kontrolle und Pr\u00fcfung \u00fcbernehmen wir keine Haftung f\u00fcr die Inhalte externer Links. F\u00fcr die Inhalte der verlinkten Seiten sind ausschliesslich deren Betreiber verantwortlich. UmsetzungOnline Design U-Fischer\" \/>\n<meta property=\"og:url\" content=\"https:\/\/brizamedia.ch\/wordpress_0\/impressum\/\" \/>\n<meta property=\"og:site_name\" content=\"Brizamedia\" \/>\n<meta property=\"article:modified_time\" content=\"2021-12-20T10:07:20+00:00\" \/>\n<script type=\"application\/ld+json\" class=\"yoast-schema-graph\">{\"@context\":\"https:\/\/schema.org\",\"@graph\":[{\"@type\":\"WebPage\",\"@id\":\"https:\/\/brizamedia.ch\/wordpress_0\/impressum\/\",\"url\":\"https:\/\/brizamedia.ch\/wordpress_0\/impressum\/\",\"name\":\"Impressum - Brizamedia\",\"isPartOf\":{\"@id\":\"https:\/\/brizamedia.ch\/wordpress_0\/#website\"},\"datePublished\":\"2019-06-19T16:50:54+00:00\",\"dateModified\":\"2021-12-20T10:07:20+00:00\",\"breadcrumb\":{\"@id\":\"https:\/\/brizamedia.ch\/wordpress_0\/impressum\/#breadcrumb\"},\"inLanguage\":\"en-US\",\"potentialAction\":[{\"@type\":\"ReadAction\",\"target\":[\"https:\/\/brizamedia.ch\/wordpress_0\/impressum\/\"]}]},{\"@type\":\"BreadcrumbList\",\"@id\":\"https:\/\/brizamedia.ch\/wordpress_0\/impressum\/#breadcrumb\",\"itemListElement\":[{\"@type\":\"ListItem\",\"position\":1,\"name\":\"Home\",\"item\":\"https:\/\/brizamedia.ch\/wordpress_0\/\"},{\"@type\":\"ListItem\",\"position\":2,\"name\":\"Impressum\"}]},{\"@type\":\"WebSite\",\"@id\":\"https:\/\/brizamedia.ch\/wordpress_0\/#website\",\"url\":\"https:\/\/brizamedia.ch\/wordpress_0\/\",\"name\":\"Brizamedia\",\"description\":\"Medienservice f\u00fcr die gr\u00fcne Branche\",\"potentialAction\":[{\"@type\":\"SearchAction\",\"target\":{\"@type\":\"EntryPoint\",\"urlTemplate\":\"https:\/\/brizamedia.ch\/wordpress_0\/?s={search_term_string}\"},\"query-input\":{\"@type\":\"PropertyValueSpecification\",\"valueRequired\":true,\"valueName\":\"search_term_string\"}}],\"inLanguage\":\"en-US\"}]}<\/script>\n<!-- \/ Yoast SEO plugin. -->","yoast_head_json":{"title":"Impressum - Brizamedia","robots":{"index":"index","follow":"follow","max-snippet":"max-snippet:-1","max-image-preview":"max-image-preview:large","max-video-preview":"max-video-preview:-1"},"canonical":"https:\/\/brizamedia.ch\/wordpress_0\/impressum\/","og_locale":"en_US","og_type":"article","og_title":"Impressum - Brizamedia","og_description":"BrizamediaGerstern 6209056 Gais\u00a0Schweiz\u00a0 Telefon: +41 79 891 12 64 E-Mail:\u00a0info@brizamedia.chInternet:\u00a0www.brizamedia.ch Brizamedia ist eine Sparte der Plankton GmbH\u00a0Handelsregister-Nummer: CH-310.4.001.897-4 Copyright Bild und TextKonzept und Inhalte der Internetseite sind eine Kreation von Brizamedia. Alle Rechte vorbehalten. S\u00e4mtliche graphische Darstellungen, Fotos\/Bilder und Texte auf dieser Internetseite sind Eigentum von Brizamedia und urheberrechtlich gesch\u00fctzt. Sie d\u00fcrfen nicht ohne ausdr\u00fcckliche Einwilligung weiterverwendet werden.&nbsp; HaftungshinweisTrotz sorgf\u00e4ltiger Kontrolle und Pr\u00fcfung \u00fcbernehmen wir keine Haftung f\u00fcr die Inhalte externer Links. F\u00fcr die Inhalte der verlinkten Seiten sind ausschliesslich deren Betreiber verantwortlich. UmsetzungOnline Design U-Fischer","og_url":"https:\/\/brizamedia.ch\/wordpress_0\/impressum\/","og_site_name":"Brizamedia","article_modified_time":"2021-12-20T10:07:20+00:00","schema":{"@context":"https:\/\/schema.org","@graph":[{"@type":"WebPage","@id":"https:\/\/brizamedia.ch\/wordpress_0\/impressum\/","url":"https:\/\/brizamedia.ch\/wordpress_0\/impressum\/","name":"Impressum - Brizamedia","isPartOf":{"@id":"https:\/\/brizamedia.ch\/wordpress_0\/#website"},"datePublished":"2019-06-19T16:50:54+00:00","dateModified":"2021-12-20T10:07:20+00:00","breadcrumb":{"@id":"https:\/\/brizamedia.ch\/wordpress_0\/impressum\/#breadcrumb"},"inLanguage":"en-US","potentialAction":[{"@type":"ReadAction","target":["https:\/\/brizamedia.ch\/wordpress_0\/impressum\/"]}]},{"@type":"BreadcrumbList","@id":"https:\/\/brizamedia.ch\/wordpress_0\/impressum\/#breadcrumb","itemListElement":[{"@type":"ListItem","position":1,"name":"Home","item":"https:\/\/brizamedia.ch\/wordpress_0\/"},{"@type":"ListItem","position":2,"name":"Impressum"}]},{"@type":"WebSite","@id":"https:\/\/brizamedia.ch\/wordpress_0\/#website","url":"https:\/\/brizamedia.ch\/wordpress_0\/","name":"Brizamedia","description":"Medienservice f\u00fcr die gr\u00fcne Branche","potentialAction":[{"@type":"SearchAction","target":{"@type":"EntryPoint","urlTemplate":"https:\/\/brizamedia.ch\/wordpress_0\/?s={search_term_string}"},"query-input":{"@type":"PropertyValueSpecification","valueRequired":true,"valueName":"search_term_string"}}],"inLanguage":"en-US"}]}},"_links":{"self":[{"href":"https:\/\/brizamedia.ch\/wordpress_0\/wp-json\/wp\/v2\/pages\/318","targetHints":{"allow":["GET"]}}],"collection":[{"href":"https:\/\/brizamedia.ch\/wordpress_0\/wp-json\/wp\/v2\/pages"}],"about":[{"href":"https:\/\/brizamedia.ch\/wordpress_0\/wp-json\/wp\/v2\/types\/page"}],"author":[{"embeddable":true,"href":"https:\/\/brizamedia.ch\/wordpress_0\/wp-json\/wp\/v2\/users\/1"}],"replies":[{"embeddable":true,"href":"https:\/\/brizamedia.ch\/wordpress_0\/wp-json\/wp\/v2\/comments?post=318"}],"version-history":[{"count":5,"href":"https:\/\/brizamedia.ch\/wordpress_0\/wp-json\/wp\/v2\/pages\/318\/revisions"}],"predecessor-version":[{"id":378,"href":"https:\/\/brizamedia.ch\/wordpress_0\/wp-json\/wp\/v2\/pages\/318\/revisions\/378"}],"wp:attachment":[{"href":"https:\/\/brizamedia.ch\/wordpress_0\/wp-json\/wp\/v2\/media?parent=318"}],"curies":[{"name":"wp","href":"https:\/\/api.w.org\/{rel}","templated":true}]}}