{"id":22,"date":"2015-03-08T11:39:16","date_gmt":"2015-03-08T11:39:16","guid":{"rendered":"http:\/\/brizamedia.ch\/wordpress_0\/?page_id=22"},"modified":"2026-01-26T16:25:06","modified_gmt":"2026-01-26T16:25:06","slug":"grune-daumen-und-spitze-federn","status":"publish","type":"page","link":"https:\/\/brizamedia.ch\/wordpress_0\/brizamedia-service-fur-die-grune-branche\/grune-daumen-und-spitze-federn\/","title":{"rendered":"Gr\u00fcne Daumen und spitze Federn"},"content":{"rendered":"<div class='row'><div style='padding-bottom:40px;' class='span12 first-module module_number_1 module_cont  module_divider'><hr class=\" \"><\/div><!-- .module_cont --><\/div><div class='row'><div style='padding-bottom:40px;' class='span12  module_number_2 module_cont  module_html'><div class='bg_title'><h2 style='color:#95b10e;' class='headInModule'>Caroline Zollinger<\/h2><\/div>\n                <div class='module_content'>\n                    \n                <\/div><\/div><!-- .module_cont --><\/div><div class='row'><div style='padding-bottom:40px;' class='span6  module_number_3 module_cont  module_html'><div class='bg_title'><h3 style='color:#4d4d58;' class='headInModule'>Der Garten geh\u00f6rt zum Leben<\/h3><\/div>\n                <div class='module_content'>\n                    <p>Der Garten begleitet sie von klein auf. Kaum konnte sie richtig laufen, bepflanzte sie auch schon ihr eigenes Blumenbeet und entwickelte eine enge Verbundenheit zur Natur. Hinzu kam die Liebe f&uuml;r Sprache und Kommunikation. Nach einem Studium der Landschaftsarchitektur war sie mehrere Jahre f&uuml;r die gr&ouml;sste Schweizer Gartenzeitschrift t&auml;tig, seit 2004 arbeitet sie als freischaffende Journalistin f&uuml;r verschiedene (Fach-) Publikationen. &Uuml;brigens: Das kleine Blumenbeet ihrer Kindheit ist l&auml;ngst einem grossen Gem&uuml;se- und Blumengarten gewichen.<\/p>\n                <\/div><\/div><!-- .module_cont --><div style='padding-bottom:40px;' class='span6  module_number_4 module_cont  module_html'>\n                <div class='module_content'>\n                    <p><img loading=\"lazy\" decoding=\"async\" src=\"http:\/\/brizamedia.ch\/wordpress_0\/wp-content\/uploads\/2025\/08\/Caroline-sw.jpg\" alt=\"Caroline Zollinger\" width=\"300\" height=\"300\" \/><\/p>\n                <\/div><\/div><!-- .module_cont --><\/div><div class='row'><div style='padding-bottom:40px;' class='span6  module_number_5 module_cont  module_contact_info'><ul class='contact_info_list'><li class='contact_info_item'><div class='contact_info_wrapper'><span class='contact_info_icon' style='background:#c5c5c5;'><i style='color:#ffffff' class='icon-envelope-o'><\/i><\/span><div class=\"contact_info_text\"><a href=\"mailto:zollinger@brizamedia.ch\">zollinger@brizamedia.ch<\/a><\/div><\/div><\/li><li class='contact_info_item'><div class='contact_info_wrapper'><span class='contact_info_icon' style='background:#c5c5c5;'><i style='color:#ffffff' class='icon-phone'><\/i><\/span><div class=\"contact_info_text\">+41 79 891 12 64<\/div><\/div><\/li><\/ul><\/div><!-- .module_cont --><div style='padding-bottom:40px;' class='span12  module_number_6 module_cont  module_divider'><hr class=\" \"><\/div><!-- .module_cont --><\/div><div class='row'><div style='padding-bottom:40px;' class='span12  module_number_7 module_cont  module_html'><div class='bg_title'><h3 style='color:#95b10e;' class='headInModule'>Helen Weiss<\/h3><\/div>\n                <div class='module_content'>\n                    \n                <\/div><\/div><!-- .module_cont --><\/div><div class='row'><div style='padding-bottom:40px;' class='span6  module_number_8 module_cont  module_html'><div class='bg_title'><h3 style='color:#4d4d58;' class='headInModule'>Weiss liebt Gr\u00fcn<\/h3><\/div>\n                <div class='module_content'>\n                    <p>Parthenocissus tricuspidata, Aesculus hippocastanum oder Briza media &ndash; von lateinischen Pflanzennamen ist Helen Weiss immer wieder aufs Neue fasziniert. Und nat&uuml;rlich auch von den Pflanzen selbst: Aufgrund ihrer Affinit&auml;t f&uuml;r alles Nat&uuml;rliche und Kreative hat sie sich zur G&auml;rtnerin und Floristin ausbilden lassen. Seit 2001 verbindet sie als freischaffende Journalistin die Liebe zum Gr&uuml;nen mit ihrem Flair f&uuml;r Sprache: Sie konzipiert Gartenseiten f&uuml;r Magazine, verfasst Gartenartikel f&uuml;r Tageszeitungen und schreibt mit viel Freude PR-Texte. Daneben arbeitet Helen Weiss seit 2019 als Redakteurin f&uuml;r die Zeitschrift &laquo;Schweizer Garten&raquo;.<\/p>\n                <\/div><\/div><!-- .module_cont --><div style='padding-bottom:40px;' class='span6  module_number_9 module_cont  module_html'>\n                <div class='module_content'>\n                    <p><img loading=\"lazy\" decoding=\"async\" class=\"alignnone size-medium wp-image-46\" src=\"http:\/\/brizamedia.ch\/wordpress_0\/wp-content\/uploads\/2025\/08\/Helen-Weiss-sw.jpg\" alt=\"Helen Weiss schreibt f&uuml;r Brizamedia\" width=\"300\" height=\"300\" \/><\/p>\n                <\/div><\/div><!-- .module_cont --><\/div><div class='row'><div style='padding-bottom:40px;' class='span3  module_number_10 module_cont  module_contact_info'><ul class='contact_info_list'><li class='contact_info_item'><div class='contact_info_wrapper'><span class='contact_info_icon' style='background:#c5c5c5;'><i style='color:#ffffff' class='icon-envelope-o'><\/i><\/span><div class=\"contact_info_text\"><a href=\"mailto:weiss@brizamedia.ch\">weiss@brizamedia.ch<\/a><\/div><\/div><\/li><li class='contact_info_item'><div class='contact_info_wrapper'><span class='contact_info_icon' style='background:#c5c5c5;'><i style='color:#ffffff' class='icon-phone'><\/i><\/span><div class=\"contact_info_text\">+41 76 578 06 71<\/div><\/div><\/li><\/ul><\/div><!-- .module_cont --><div style='padding-bottom:40px;' class='span12  module_number_11 module_cont  module_divider'><hr class=\" \"><\/div><!-- .module_cont --><\/div><div class='row'><div style='padding-bottom:40px;' class='span12  module_number_12 module_cont  module_html'><div class='bg_title'><h2 style='color:#95b10e;' class='headInModule'>Katharina N\u00fcesch<\/h2><\/div>\n                <div class='module_content'>\n                    \n                <\/div><\/div><!-- .module_cont --><\/div><div class='row'><div style='padding-bottom:40px;' class='span6  module_number_13 module_cont  module_html'><div class='bg_title'><h3 style='color:#4d4d58;' class='headInModule'>Ein Herz f\u00fcr Pflanzen<\/h3><\/div>\n                <div class='module_content'>\n                    <p>G&auml;rten und Pflanzen liegen ihr am Herzen, das Schreiben ebenso. Demzufolge gibt es f&uuml;r sie (fast) nichts Sch&ouml;neres, als &uuml;ber gr&uuml;ne Themen zu schreiben. W&auml;hrend &uuml;ber zehn Jahren war sie als Redaktorin bei einer Garten-Fachzeitschrift t&auml;tig, daneben arbeitete sie als freie Journalistin. Damit ihr gr&uuml;ner Daumen nicht ganz tatenlos bleibt, ist sie heute als Freiberuflerin t&auml;tig. Wenn sie nicht gerade im Garten gr&auml;bt, schreibt sie f&uuml;r verschiedene Fach-Zeitschriften und Firmen. Als leidenschaftliche Fotografin mit entsprechender Weiterbildung und professioneller Ausr&uuml;stung &uuml;bernimmt sie auch gerne Bildauftr&auml;ge.<\/p>\n                <\/div><\/div><!-- .module_cont --><div style='padding-bottom:40px;' class='span6  module_number_14 module_cont  module_html'>\n                <div class='module_content'>\n                    <p><img loading=\"lazy\" decoding=\"async\" class=\"alignnone size-full wp-image-48\" src=\"\/wordpress_0\/wp-content\/uploads\/2015\/12\/Katharina-klein-3.jpg\" alt=\"Katharina N&uuml;esc  schreibt f&uuml;r Brizamediah\" width=\"300\" height=\"300\" \/><\/p>\n                <\/div><\/div><!-- .module_cont --><\/div><div class='row'><div style='padding-bottom:40px;' class='span3  module_number_15 module_cont  module_contact_info'><ul class='contact_info_list'><li class='contact_info_item'><div class='contact_info_wrapper'><span class='contact_info_icon' style='background:#c5c5c5;'><i style='color:#ffffff' class='icon-envelope-o'><\/i><\/span><div class=\"contact_info_text\"><a href=\"mailto:nueesch@brizamedia.ch\">nueesch@brizamedia.ch<\/a><\/div><\/div><\/li><li class='contact_info_item'><div class='contact_info_wrapper'><span class='contact_info_icon' style='background:#c5c5c5;'><i style='color:#ffffff' class='icon-phone'><\/i><\/span><div class=\"contact_info_text\">+41 76 515 54 99<\/div><\/div><\/li><\/ul><\/div><!-- .module_cont --><div style='padding-bottom:40px;' class='span12  module_number_16 module_cont  module_divider'><hr class=\" \"><\/div><!-- .module_cont --><\/div><div class='row'><div style='padding-bottom:40px;' class='span3  module_number_17 module_cont  module_team'>\n        <div class=\"team_slider\">\n            <div class=\"carouselslider teamslider items1\" data-count=\"1\">\t\t\t\n            \t<ul class=\"item_list\"><\/ul>\n             <\/div>\n             <div class=\"clear\"><\/div>\n        <\/div>  \n        <div class=\"clear\"><\/div><\/div><!-- .module_cont --><div style='padding-bottom:40px;' class='span3  module_number_18 module_cont  module_team'>\n        <div class=\"team_slider\">\n            <div class=\"carouselslider teamslider items1\" data-count=\"1\">\t\t\t\n            \t<ul class=\"item_list\"><\/ul>\n             <\/div>\n             <div class=\"clear\"><\/div>\n        <\/div>  \n        <div class=\"clear\"><\/div><\/div><!-- .module_cont --><\/div>","protected":false},"excerpt":{"rendered":"<p>Caroline Zollinger Der Garten geh\u00f6rt zum Leben Der Garten begleitet sie von klein auf. Kaum konnte sie richtig laufen, bepflanzte sie auch schon ihr eigenes Blumenbeet und entwickelte eine enge Verbundenheit zur Natur. Hinzu kam die Liebe f&uuml;r Sprache und Kommunikation. Nach einem Studium der Landschaftsarchitektur war sie mehrere Jahre f&uuml;r die gr&ouml;sste Schweizer Gartenzeitschrift t&auml;tig, seit 2004 arbeitet sie als freischaffende Journalistin f&uuml;r verschiedene (Fach-) Publikationen. &Uuml;brigens: Das kleine Blumenbeet ihrer Kindheit ist l&auml;ngst einem grossen Gem&uuml;se- und Blumengarten gewichen. zollinger@brizamedia.ch+41 79 891 12 64Helen Weiss Weiss liebt Gr\u00fcn Parthenocissus tricuspidata, Aesculus hippocastanum oder Briza media &ndash; von lateinischen Pflanzennamen ist Helen Weiss immer wieder aufs Neue fasziniert. Und nat&uuml;rlich auch von den Pflanzen selbst: Aufgrund ihrer Affinit&auml;t f&uuml;r alles Nat&uuml;rliche und Kreative hat sie sich zur G&auml;rtnerin und Floristin ausbilden lassen. Seit 2001 verbindet sie als freischaffende Journalistin die Liebe zum Gr&uuml;nen mit ihrem Flair f&uuml;r Sprache: Sie konzipiert Gartenseiten f&uuml;r Magazine, verfasst Gartenartikel f&uuml;r Tageszeitungen und schreibt mit viel Freude PR-Texte. Daneben arbeitet Helen Weiss seit 2019 als Redakteurin f&uuml;r die Zeitschrift &laquo;Schweizer Garten&raquo;. weiss@brizamedia.ch+41 76 578 06 71Katharina N\u00fcesch Ein Herz f\u00fcr Pflanzen G&auml;rten und Pflanzen liegen ihr am Herzen, das Schreiben ebenso. Demzufolge gibt es [&hellip;]<\/p>\n","protected":false},"author":1,"featured_media":13,"parent":2,"menu_order":0,"comment_status":"closed","ping_status":"closed","template":"page-center.php","meta":{"footnotes":""},"class_list":["post-22","page","type-page","status-publish","has-post-thumbnail","hentry"],"yoast_head":"<!-- This site is optimized with the Yoast SEO plugin v27.0 - https:\/\/yoast.com\/product\/yoast-seo-wordpress\/ -->\n<title>Das Brizamedia Team stellt sich vor<\/title>\n<meta name=\"description\" content=\"Brizamedia: das sind Caroline Zollinger, Katharina N\u00fcesch, Helen Weiss und Judith Supper. Wir texten und fotografieren f\u00fcr die gr\u00fcne Branche.\" \/>\n<meta name=\"robots\" content=\"index, follow, max-snippet:-1, max-image-preview:large, max-video-preview:-1\" \/>\n<link rel=\"canonical\" href=\"https:\/\/brizamedia.ch\/wordpress_0\/brizamedia-service-fur-die-grune-branche\/grune-daumen-und-spitze-federn\/\" \/>\n<meta property=\"og:locale\" content=\"en_US\" \/>\n<meta property=\"og:type\" content=\"article\" \/>\n<meta property=\"og:title\" content=\"Das Brizamedia Team stellt sich vor\" \/>\n<meta property=\"og:description\" content=\"Brizamedia: das sind Caroline Zollinger, Katharina N\u00fcesch, Helen Weiss und Judith Supper. Wir texten und fotografieren f\u00fcr die gr\u00fcne Branche.\" \/>\n<meta property=\"og:url\" content=\"https:\/\/brizamedia.ch\/wordpress_0\/brizamedia-service-fur-die-grune-branche\/grune-daumen-und-spitze-federn\/\" \/>\n<meta property=\"og:site_name\" content=\"Brizamedia\" \/>\n<meta property=\"article:modified_time\" content=\"2026-01-26T16:25:06+00:00\" \/>\n<meta property=\"og:image\" content=\"http:\/\/brizamedia.ch\/wordpress_0\/wp-content\/uploads\/2015\/03\/natterkopf_wildbiene.jpg\" \/>\n\t<meta property=\"og:image:width\" content=\"1920\" \/>\n\t<meta property=\"og:image:height\" content=\"995\" \/>\n\t<meta property=\"og:image:type\" content=\"image\/jpeg\" \/>\n<meta name=\"twitter:label1\" content=\"Est. reading time\" \/>\n\t<meta name=\"twitter:data1\" content=\"1 minute\" \/>\n<script type=\"application\/ld+json\" class=\"yoast-schema-graph\">{\"@context\":\"https:\/\/schema.org\",\"@graph\":[{\"@type\":\"WebPage\",\"@id\":\"https:\/\/brizamedia.ch\/wordpress_0\/brizamedia-service-fur-die-grune-branche\/grune-daumen-und-spitze-federn\/\",\"url\":\"https:\/\/brizamedia.ch\/wordpress_0\/brizamedia-service-fur-die-grune-branche\/grune-daumen-und-spitze-federn\/\",\"name\":\"Das Brizamedia Team stellt sich vor\",\"isPartOf\":{\"@id\":\"https:\/\/brizamedia.ch\/wordpress_0\/#website\"},\"primaryImageOfPage\":{\"@id\":\"https:\/\/brizamedia.ch\/wordpress_0\/brizamedia-service-fur-die-grune-branche\/grune-daumen-und-spitze-federn\/#primaryimage\"},\"image\":{\"@id\":\"https:\/\/brizamedia.ch\/wordpress_0\/brizamedia-service-fur-die-grune-branche\/grune-daumen-und-spitze-federn\/#primaryimage\"},\"thumbnailUrl\":\"https:\/\/brizamedia.ch\/wordpress_0\/wp-content\/uploads\/2015\/03\/natterkopf_wildbiene.jpg\",\"datePublished\":\"2015-03-08T11:39:16+00:00\",\"dateModified\":\"2026-01-26T16:25:06+00:00\",\"description\":\"Brizamedia: das sind Caroline Zollinger, Katharina N\u00fcesch, Helen Weiss und Judith Supper. Wir texten und fotografieren f\u00fcr die gr\u00fcne Branche.\",\"breadcrumb\":{\"@id\":\"https:\/\/brizamedia.ch\/wordpress_0\/brizamedia-service-fur-die-grune-branche\/grune-daumen-und-spitze-federn\/#breadcrumb\"},\"inLanguage\":\"en-US\",\"potentialAction\":[{\"@type\":\"ReadAction\",\"target\":[\"https:\/\/brizamedia.ch\/wordpress_0\/brizamedia-service-fur-die-grune-branche\/grune-daumen-und-spitze-federn\/\"]}]},{\"@type\":\"ImageObject\",\"inLanguage\":\"en-US\",\"@id\":\"https:\/\/brizamedia.ch\/wordpress_0\/brizamedia-service-fur-die-grune-branche\/grune-daumen-und-spitze-federn\/#primaryimage\",\"url\":\"https:\/\/brizamedia.ch\/wordpress_0\/wp-content\/uploads\/2015\/03\/natterkopf_wildbiene.jpg\",\"contentUrl\":\"https:\/\/brizamedia.ch\/wordpress_0\/wp-content\/uploads\/2015\/03\/natterkopf_wildbiene.jpg\",\"width\":1920,\"height\":995,\"caption\":\"Natternkopf mit Wildbiene\"},{\"@type\":\"BreadcrumbList\",\"@id\":\"https:\/\/brizamedia.ch\/wordpress_0\/brizamedia-service-fur-die-grune-branche\/grune-daumen-und-spitze-federn\/#breadcrumb\",\"itemListElement\":[{\"@type\":\"ListItem\",\"position\":1,\"name\":\"Home\",\"item\":\"https:\/\/brizamedia.ch\/wordpress_0\/\"},{\"@type\":\"ListItem\",\"position\":2,\"name\":\"Brizamedia Service f\u00fcr die Gr\u00fcne Branche\",\"item\":\"https:\/\/brizamedia.ch\/wordpress_0\/brizamedia-service-fur-die-grune-branche\/\"},{\"@type\":\"ListItem\",\"position\":3,\"name\":\"Gr\u00fcne Daumen und spitze Federn\"}]},{\"@type\":\"WebSite\",\"@id\":\"https:\/\/brizamedia.ch\/wordpress_0\/#website\",\"url\":\"https:\/\/brizamedia.ch\/wordpress_0\/\",\"name\":\"Brizamedia\",\"description\":\"Medienservice f\u00fcr die gr\u00fcne Branche\",\"potentialAction\":[{\"@type\":\"SearchAction\",\"target\":{\"@type\":\"EntryPoint\",\"urlTemplate\":\"https:\/\/brizamedia.ch\/wordpress_0\/?s={search_term_string}\"},\"query-input\":{\"@type\":\"PropertyValueSpecification\",\"valueRequired\":true,\"valueName\":\"search_term_string\"}}],\"inLanguage\":\"en-US\"}]}<\/script>\n<!-- \/ Yoast SEO plugin. -->","yoast_head_json":{"title":"Das Brizamedia Team stellt sich vor","description":"Brizamedia: das sind Caroline Zollinger, Katharina N\u00fcesch, Helen Weiss und Judith Supper. Wir texten und fotografieren f\u00fcr die gr\u00fcne Branche.","robots":{"index":"index","follow":"follow","max-snippet":"max-snippet:-1","max-image-preview":"max-image-preview:large","max-video-preview":"max-video-preview:-1"},"canonical":"https:\/\/brizamedia.ch\/wordpress_0\/brizamedia-service-fur-die-grune-branche\/grune-daumen-und-spitze-federn\/","og_locale":"en_US","og_type":"article","og_title":"Das Brizamedia Team stellt sich vor","og_description":"Brizamedia: das sind Caroline Zollinger, Katharina N\u00fcesch, Helen Weiss und Judith Supper. Wir texten und fotografieren f\u00fcr die gr\u00fcne Branche.","og_url":"https:\/\/brizamedia.ch\/wordpress_0\/brizamedia-service-fur-die-grune-branche\/grune-daumen-und-spitze-federn\/","og_site_name":"Brizamedia","article_modified_time":"2026-01-26T16:25:06+00:00","og_image":[{"width":1920,"height":995,"url":"http:\/\/brizamedia.ch\/wordpress_0\/wp-content\/uploads\/2015\/03\/natterkopf_wildbiene.jpg","type":"image\/jpeg"}],"twitter_misc":{"Est. reading time":"1 minute"},"schema":{"@context":"https:\/\/schema.org","@graph":[{"@type":"WebPage","@id":"https:\/\/brizamedia.ch\/wordpress_0\/brizamedia-service-fur-die-grune-branche\/grune-daumen-und-spitze-federn\/","url":"https:\/\/brizamedia.ch\/wordpress_0\/brizamedia-service-fur-die-grune-branche\/grune-daumen-und-spitze-federn\/","name":"Das Brizamedia Team stellt sich vor","isPartOf":{"@id":"https:\/\/brizamedia.ch\/wordpress_0\/#website"},"primaryImageOfPage":{"@id":"https:\/\/brizamedia.ch\/wordpress_0\/brizamedia-service-fur-die-grune-branche\/grune-daumen-und-spitze-federn\/#primaryimage"},"image":{"@id":"https:\/\/brizamedia.ch\/wordpress_0\/brizamedia-service-fur-die-grune-branche\/grune-daumen-und-spitze-federn\/#primaryimage"},"thumbnailUrl":"https:\/\/brizamedia.ch\/wordpress_0\/wp-content\/uploads\/2015\/03\/natterkopf_wildbiene.jpg","datePublished":"2015-03-08T11:39:16+00:00","dateModified":"2026-01-26T16:25:06+00:00","description":"Brizamedia: das sind Caroline Zollinger, Katharina N\u00fcesch, Helen Weiss und Judith Supper. Wir texten und fotografieren f\u00fcr die gr\u00fcne Branche.","breadcrumb":{"@id":"https:\/\/brizamedia.ch\/wordpress_0\/brizamedia-service-fur-die-grune-branche\/grune-daumen-und-spitze-federn\/#breadcrumb"},"inLanguage":"en-US","potentialAction":[{"@type":"ReadAction","target":["https:\/\/brizamedia.ch\/wordpress_0\/brizamedia-service-fur-die-grune-branche\/grune-daumen-und-spitze-federn\/"]}]},{"@type":"ImageObject","inLanguage":"en-US","@id":"https:\/\/brizamedia.ch\/wordpress_0\/brizamedia-service-fur-die-grune-branche\/grune-daumen-und-spitze-federn\/#primaryimage","url":"https:\/\/brizamedia.ch\/wordpress_0\/wp-content\/uploads\/2015\/03\/natterkopf_wildbiene.jpg","contentUrl":"https:\/\/brizamedia.ch\/wordpress_0\/wp-content\/uploads\/2015\/03\/natterkopf_wildbiene.jpg","width":1920,"height":995,"caption":"Natternkopf mit Wildbiene"},{"@type":"BreadcrumbList","@id":"https:\/\/brizamedia.ch\/wordpress_0\/brizamedia-service-fur-die-grune-branche\/grune-daumen-und-spitze-federn\/#breadcrumb","itemListElement":[{"@type":"ListItem","position":1,"name":"Home","item":"https:\/\/brizamedia.ch\/wordpress_0\/"},{"@type":"ListItem","position":2,"name":"Brizamedia Service f\u00fcr die Gr\u00fcne Branche","item":"https:\/\/brizamedia.ch\/wordpress_0\/brizamedia-service-fur-die-grune-branche\/"},{"@type":"ListItem","position":3,"name":"Gr\u00fcne Daumen und spitze Federn"}]},{"@type":"WebSite","@id":"https:\/\/brizamedia.ch\/wordpress_0\/#website","url":"https:\/\/brizamedia.ch\/wordpress_0\/","name":"Brizamedia","description":"Medienservice f\u00fcr die gr\u00fcne Branche","potentialAction":[{"@type":"SearchAction","target":{"@type":"EntryPoint","urlTemplate":"https:\/\/brizamedia.ch\/wordpress_0\/?s={search_term_string}"},"query-input":{"@type":"PropertyValueSpecification","valueRequired":true,"valueName":"search_term_string"}}],"inLanguage":"en-US"}]}},"_links":{"self":[{"href":"https:\/\/brizamedia.ch\/wordpress_0\/wp-json\/wp\/v2\/pages\/22","targetHints":{"allow":["GET"]}}],"collection":[{"href":"https:\/\/brizamedia.ch\/wordpress_0\/wp-json\/wp\/v2\/pages"}],"about":[{"href":"https:\/\/brizamedia.ch\/wordpress_0\/wp-json\/wp\/v2\/types\/page"}],"author":[{"embeddable":true,"href":"https:\/\/brizamedia.ch\/wordpress_0\/wp-json\/wp\/v2\/users\/1"}],"replies":[{"embeddable":true,"href":"https:\/\/brizamedia.ch\/wordpress_0\/wp-json\/wp\/v2\/comments?post=22"}],"version-history":[{"count":1,"href":"https:\/\/brizamedia.ch\/wordpress_0\/wp-json\/wp\/v2\/pages\/22\/revisions"}],"predecessor-version":[{"id":25,"href":"https:\/\/brizamedia.ch\/wordpress_0\/wp-json\/wp\/v2\/pages\/22\/revisions\/25"}],"up":[{"embeddable":true,"href":"https:\/\/brizamedia.ch\/wordpress_0\/wp-json\/wp\/v2\/pages\/2"}],"wp:featuredmedia":[{"embeddable":true,"href":"https:\/\/brizamedia.ch\/wordpress_0\/wp-json\/wp\/v2\/media\/13"}],"wp:attachment":[{"href":"https:\/\/brizamedia.ch\/wordpress_0\/wp-json\/wp\/v2\/media?parent=22"}],"curies":[{"name":"wp","href":"https:\/\/api.w.org\/{rel}","templated":true}]}}