{"id":180,"date":"2015-12-04T13:17:32","date_gmt":"2015-12-04T13:17:32","guid":{"rendered":"http:\/\/brizamedia.ch\/wordpress_0\/?page_id=180"},"modified":"2020-02-27T13:26:19","modified_gmt":"2020-02-27T13:26:19","slug":"kunden-und-auftraggeber","status":"publish","type":"page","link":"https:\/\/brizamedia.ch\/wordpress_0\/kunden-und-auftraggeber\/","title":{"rendered":"Kunden und Auftraggeber"},"content":{"rendered":"<h2>Unsere Kunden sind uns gr\u00fcn.<\/h2>\n<p>Zu den Kunden von Brizamedia geh\u00f6ren zahlreiche Auftraggeber in der Schweiz, Deutschland und \u00d6sterreich. Wir schreiben f\u00fcr Fach- und Publikumszeitschriften, konzipieren Werbe- und Marketingmassnahmen und sind als Ansprechpartner f\u00fcr die Presse zust\u00e4ndig.<\/p>\n<p>Zu unseren Auftraggebern geh\u00f6ren:<\/p>\n<p>&nbsp;<\/p>\n<h4><strong>Presse- und Medienarbeit<\/strong><\/h4>\n<ul>\n<li><span style=\"color: #333300;\"><a href=\"https:\/\/www.husqvarnaschweiz.ch\/de\/index.php?menu=home\" target=\"_blank\" rel=\"noopener noreferrer\"><span style=\"color: #333300;\">Husqvarna Schweiz AG<\/span><\/a>,<\/span> M\u00e4genwil<\/li>\n<li><span style=\"color: #333300;\"><a style=\"color: #333300;\" href=\"http:\/\/www.gardena.com\/ch\/de\/\" target=\"_blank\" rel=\"noopener noreferrer\">Gardena Schweiz<\/a><\/span>, M\u00e4genwil<\/li>\n<\/ul>\n<h2><\/h2>\n<h4><strong>Messekataloge<\/strong><\/h4>\n<ul>\n<li><span style=\"color: #333300;\"><a style=\"color: #333300;\" href=\"https:\/\/www.oega.ch\/de\" target=\"_blank\" rel=\"noopener noreferrer\">\u00d6GA<\/a>, Koppigen<\/span><\/li>\n<\/ul>\n<h4><\/h4>\n<h4><strong>Werbung und Marketing<\/strong><\/h4>\n<ul>\n<li><span style=\"color: #333300;\"><a style=\"color: #333300;\" href=\"http:\/\/www.tonisuter.ch\/\" target=\"_blank\" rel=\"noopener noreferrer\">Toni Suter Pflanzencenter und Baumschule<\/a><\/span>, Baden-D\u00e4ttwil<\/li>\n<li><span style=\"color: #333300;\"><a style=\"color: #333300;\" href=\"http:\/\/www.kistlerholistic.ch\/cms2\/bin-im-buero\/meine-aktuellen-projekte\/flora-faun.html\" target=\"_blank\" rel=\"noopener noreferrer\">Flora &amp; Faun<\/a><\/span>, St\u00e4fa<\/li>\n<\/ul>\n<h2><\/h2>\n<h4><strong>Fachmedien<\/strong><\/h4>\n<ul>\n<li><span style=\"color: #333300;\"><a style=\"color: #333300;\" href=\"http:\/\/www.jardinsuisse.ch\">JardinSuisse<\/a><\/span>, Unternehmerverband G\u00e4rtner Schweiz<\/li>\n<li><span style=\"color: #333300;\"><a style=\"color: #333300;\" href=\"http:\/\/www.gplus.ch\">g\u2019plus<\/a><\/span>, Magazin f\u00fcr die gr\u00fcne Branche<\/li>\n<li><span style=\"color: #333300;\"><a style=\"color: #333300;\" href=\"http:\/\/www.dergartenbau.ch\/\">Der Gartenbau<\/a><\/span><\/li>\n<li><span style=\"color: #333300;\"><a style=\"color: #333300;\" href=\"http:\/\/www.ecology.ch\/\">\u00d6+L \u00d6kologie und Landschaft<\/a><\/span><\/li>\n<li><span style=\"color: #333300;\"><a style=\"color: #333300;\" href=\"http:\/\/www.florist.ch\/florist.html\">Florist<\/a><\/span><\/li>\n<li>Schweizer Gartenwelten, Jahresmagazin (JardinSuisse)<\/li>\n<li>GartenRevue, 2x j\u00e4hrlich erscheinende, individualisierte Kundenzeitschrift (JardinSuisse)<\/li>\n<li><span style=\"color: #003300;\"><a style=\"color: #003300;\" href=\"http:\/\/www.dega-galabau.de\/\">DEGA Galabau<\/a><\/span> (D)<\/li>\n<li><span style=\"color: #333300;\"><a style=\"color: #333300;\" href=\"http:\/\/deutschebaumschule.de\/\">Deutsche Baumschule<\/a><\/span> (D)<\/li>\n<li><span style=\"color: #333300;\"><a style=\"color: #333300;\" href=\"http:\/\/www.bundesgartenschau.de\/\">Deutsche Bundesgartenschau-Gesellschaft mbH<\/a><\/span> (D)<\/li>\n<li><span style=\"color: #333300;\"><a style=\"color: #333300;\" href=\"http:\/\/taspo.de\/\">Taspo <\/a><\/span>(D)<\/li>\n<\/ul>\n<h2><\/h2>\n<h4><strong>Publikumszeitschriften<\/strong><\/h4>\n<ul>\n<li><span style=\"color: #333300;\"><a style=\"color: #333300;\" href=\"http:\/\/www.bioterra.ch\/\">Bioterra<\/a><\/span><\/li>\n<li><span style=\"color: #333300;\"><a style=\"color: #333300;\" href=\"http:\/\/schweizergarten.ch\/\">Schweizer Garten<\/a><\/span><\/li>\n<li><span style=\"color: #333300;\"><a style=\"color: #333300;\" href=\"http:\/\/www.tierwelt.ch\/\">Tierwelt<\/a><\/span><\/li>\n<li><span style=\"color: #333300;\"><a style=\"color: #333300;\" href=\"http:\/\/www.freudeamgarten.ch\/\">Freude am Garten<\/a><\/span><\/li>\n<li><span style=\"color: #333300;\"><a style=\"color: #333300;\" href=\"http:\/\/www.hev-schweiz.ch\/verband\/zeitung-e-paper\/\">HEV <\/a><\/span>\u2013 Schweizerischer Hauseigent\u00fcmerverband<\/li>\n<li><span style=\"color: #333300;\"><a style=\"color: #333300;\" href=\"http:\/\/www.luzernerzeitung.ch\/\">Luzerner Zeitung<\/a><\/span><\/li>\n<li><span style=\"color: #333300;\"><a style=\"color: #333300;\" href=\"http:\/\/www.garten-haus.at\">Garten und Haus<\/a><\/span> (A)<\/li>\n<li><span style=\"color: #333300;\"><a style=\"color: #333300;\" href=\"http:\/\/www.natuerlich-gaertnern.de\/startseite.html\">Nat\u00fcrlich G\u00e4rtnern<\/a><\/span> (D)<\/li>\n<\/ul>\n<p>&nbsp;<\/p>\n<h4><strong>Netzwerk<\/strong><\/h4>\n<ul>\n<li><a href=\"https:\/\/www.heykonrad.ch\/\"><span style=\"color: #333300;\">Konrad GmbH<\/span><\/a><\/li>\n<li><a href=\"http:\/\/www.u-fisch.de\/\"><span style=\"color: #333300;\">Online-Design U. Fischer<\/span><\/a><\/li>\n<\/ul>\n","protected":false},"excerpt":{"rendered":"<p>Unsere Kunden sind uns gr\u00fcn. Zu den Kunden von Brizamedia geh\u00f6ren zahlreiche Auftraggeber in der Schweiz, Deutschland und \u00d6sterreich. Wir schreiben f\u00fcr Fach- und Publikumszeitschriften, konzipieren Werbe- und Marketingmassnahmen und sind als Ansprechpartner f\u00fcr die Presse zust\u00e4ndig. Zu unseren Auftraggebern geh\u00f6ren: &nbsp; Presse- und Medienarbeit Husqvarna Schweiz AG, M\u00e4genwil Gardena Schweiz, M\u00e4genwil Messekataloge \u00d6GA, Koppigen Werbung und Marketing Toni Suter Pflanzencenter und Baumschule, Baden-D\u00e4ttwil Flora &amp; Faun, St\u00e4fa Fachmedien JardinSuisse, Unternehmerverband G\u00e4rtner Schweiz g\u2019plus, Magazin f\u00fcr die gr\u00fcne Branche Der Gartenbau \u00d6+L \u00d6kologie und Landschaft Florist Schweizer Gartenwelten, Jahresmagazin (JardinSuisse) GartenRevue, 2x j\u00e4hrlich erscheinende, individualisierte Kundenzeitschrift (JardinSuisse) DEGA Galabau (D) Deutsche Baumschule (D) Deutsche Bundesgartenschau-Gesellschaft mbH (D) Taspo (D) Publikumszeitschriften Bioterra Schweizer Garten Tierwelt Freude am Garten HEV \u2013 Schweizerischer Hauseigent\u00fcmerverband Luzerner Zeitung Garten und Haus (A) Nat\u00fcrlich G\u00e4rtnern (D) &nbsp; Netzwerk Konrad GmbH Online-Design U. Fischer<\/p>\n","protected":false},"author":2,"featured_media":0,"parent":0,"menu_order":0,"comment_status":"closed","ping_status":"closed","template":"page-center.php","meta":{"footnotes":""},"class_list":["post-180","page","type-page","status-publish","hentry"],"yoast_head":"<!-- This site is optimized with the Yoast SEO plugin v27.0 - https:\/\/yoast.com\/product\/yoast-seo-wordpress\/ -->\n<title>Kunden und Auftraggeber: Alles im gr\u00fcnen Bereich<\/title>\n<meta name=\"description\" content=\"Interessante und herausfordernde Projekte h\u00e4ngen nicht von der Unternehmensgr\u00f6sse ab. Es sind unsere Auftraggeber, die sie kennzeichnen.\" \/>\n<meta name=\"robots\" content=\"index, follow, max-snippet:-1, max-image-preview:large, max-video-preview:-1\" \/>\n<link rel=\"canonical\" href=\"https:\/\/brizamedia.ch\/wordpress_0\/kunden-und-auftraggeber\/\" \/>\n<meta property=\"og:locale\" content=\"en_US\" \/>\n<meta property=\"og:type\" content=\"article\" \/>\n<meta property=\"og:title\" content=\"Kunden und Auftraggeber: Alles im gr\u00fcnen Bereich\" \/>\n<meta property=\"og:description\" content=\"Interessante und herausfordernde Projekte h\u00e4ngen nicht von der Unternehmensgr\u00f6sse ab. Es sind unsere Auftraggeber, die sie kennzeichnen.\" \/>\n<meta property=\"og:url\" content=\"https:\/\/brizamedia.ch\/wordpress_0\/kunden-und-auftraggeber\/\" \/>\n<meta property=\"og:site_name\" content=\"Brizamedia\" \/>\n<meta property=\"article:modified_time\" content=\"2020-02-27T13:26:19+00:00\" \/>\n<meta name=\"twitter:label1\" content=\"Est. reading time\" \/>\n\t<meta name=\"twitter:data1\" content=\"1 minute\" \/>\n<script type=\"application\/ld+json\" class=\"yoast-schema-graph\">{\"@context\":\"https:\/\/schema.org\",\"@graph\":[{\"@type\":\"WebPage\",\"@id\":\"https:\/\/brizamedia.ch\/wordpress_0\/kunden-und-auftraggeber\/\",\"url\":\"https:\/\/brizamedia.ch\/wordpress_0\/kunden-und-auftraggeber\/\",\"name\":\"Kunden und Auftraggeber: Alles im gr\u00fcnen Bereich\",\"isPartOf\":{\"@id\":\"https:\/\/brizamedia.ch\/wordpress_0\/#website\"},\"datePublished\":\"2015-12-04T13:17:32+00:00\",\"dateModified\":\"2020-02-27T13:26:19+00:00\",\"description\":\"Interessante und herausfordernde Projekte h\u00e4ngen nicht von der Unternehmensgr\u00f6sse ab. Es sind unsere Auftraggeber, die sie kennzeichnen.\",\"breadcrumb\":{\"@id\":\"https:\/\/brizamedia.ch\/wordpress_0\/kunden-und-auftraggeber\/#breadcrumb\"},\"inLanguage\":\"en-US\",\"potentialAction\":[{\"@type\":\"ReadAction\",\"target\":[\"https:\/\/brizamedia.ch\/wordpress_0\/kunden-und-auftraggeber\/\"]}]},{\"@type\":\"BreadcrumbList\",\"@id\":\"https:\/\/brizamedia.ch\/wordpress_0\/kunden-und-auftraggeber\/#breadcrumb\",\"itemListElement\":[{\"@type\":\"ListItem\",\"position\":1,\"name\":\"Home\",\"item\":\"https:\/\/brizamedia.ch\/wordpress_0\/\"},{\"@type\":\"ListItem\",\"position\":2,\"name\":\"Kunden und Auftraggeber\"}]},{\"@type\":\"WebSite\",\"@id\":\"https:\/\/brizamedia.ch\/wordpress_0\/#website\",\"url\":\"https:\/\/brizamedia.ch\/wordpress_0\/\",\"name\":\"Brizamedia\",\"description\":\"Medienservice f\u00fcr die gr\u00fcne Branche\",\"potentialAction\":[{\"@type\":\"SearchAction\",\"target\":{\"@type\":\"EntryPoint\",\"urlTemplate\":\"https:\/\/brizamedia.ch\/wordpress_0\/?s={search_term_string}\"},\"query-input\":{\"@type\":\"PropertyValueSpecification\",\"valueRequired\":true,\"valueName\":\"search_term_string\"}}],\"inLanguage\":\"en-US\"}]}<\/script>\n<!-- \/ Yoast SEO plugin. -->","yoast_head_json":{"title":"Kunden und Auftraggeber: Alles im gr\u00fcnen Bereich","description":"Interessante und herausfordernde Projekte h\u00e4ngen nicht von der Unternehmensgr\u00f6sse ab. Es sind unsere Auftraggeber, die sie kennzeichnen.","robots":{"index":"index","follow":"follow","max-snippet":"max-snippet:-1","max-image-preview":"max-image-preview:large","max-video-preview":"max-video-preview:-1"},"canonical":"https:\/\/brizamedia.ch\/wordpress_0\/kunden-und-auftraggeber\/","og_locale":"en_US","og_type":"article","og_title":"Kunden und Auftraggeber: Alles im gr\u00fcnen Bereich","og_description":"Interessante und herausfordernde Projekte h\u00e4ngen nicht von der Unternehmensgr\u00f6sse ab. Es sind unsere Auftraggeber, die sie kennzeichnen.","og_url":"https:\/\/brizamedia.ch\/wordpress_0\/kunden-und-auftraggeber\/","og_site_name":"Brizamedia","article_modified_time":"2020-02-27T13:26:19+00:00","twitter_misc":{"Est. reading time":"1 minute"},"schema":{"@context":"https:\/\/schema.org","@graph":[{"@type":"WebPage","@id":"https:\/\/brizamedia.ch\/wordpress_0\/kunden-und-auftraggeber\/","url":"https:\/\/brizamedia.ch\/wordpress_0\/kunden-und-auftraggeber\/","name":"Kunden und Auftraggeber: Alles im gr\u00fcnen Bereich","isPartOf":{"@id":"https:\/\/brizamedia.ch\/wordpress_0\/#website"},"datePublished":"2015-12-04T13:17:32+00:00","dateModified":"2020-02-27T13:26:19+00:00","description":"Interessante und herausfordernde Projekte h\u00e4ngen nicht von der Unternehmensgr\u00f6sse ab. Es sind unsere Auftraggeber, die sie kennzeichnen.","breadcrumb":{"@id":"https:\/\/brizamedia.ch\/wordpress_0\/kunden-und-auftraggeber\/#breadcrumb"},"inLanguage":"en-US","potentialAction":[{"@type":"ReadAction","target":["https:\/\/brizamedia.ch\/wordpress_0\/kunden-und-auftraggeber\/"]}]},{"@type":"BreadcrumbList","@id":"https:\/\/brizamedia.ch\/wordpress_0\/kunden-und-auftraggeber\/#breadcrumb","itemListElement":[{"@type":"ListItem","position":1,"name":"Home","item":"https:\/\/brizamedia.ch\/wordpress_0\/"},{"@type":"ListItem","position":2,"name":"Kunden und Auftraggeber"}]},{"@type":"WebSite","@id":"https:\/\/brizamedia.ch\/wordpress_0\/#website","url":"https:\/\/brizamedia.ch\/wordpress_0\/","name":"Brizamedia","description":"Medienservice f\u00fcr die gr\u00fcne Branche","potentialAction":[{"@type":"SearchAction","target":{"@type":"EntryPoint","urlTemplate":"https:\/\/brizamedia.ch\/wordpress_0\/?s={search_term_string}"},"query-input":{"@type":"PropertyValueSpecification","valueRequired":true,"valueName":"search_term_string"}}],"inLanguage":"en-US"}]}},"_links":{"self":[{"href":"https:\/\/brizamedia.ch\/wordpress_0\/wp-json\/wp\/v2\/pages\/180","targetHints":{"allow":["GET"]}}],"collection":[{"href":"https:\/\/brizamedia.ch\/wordpress_0\/wp-json\/wp\/v2\/pages"}],"about":[{"href":"https:\/\/brizamedia.ch\/wordpress_0\/wp-json\/wp\/v2\/types\/page"}],"author":[{"embeddable":true,"href":"https:\/\/brizamedia.ch\/wordpress_0\/wp-json\/wp\/v2\/users\/2"}],"replies":[{"embeddable":true,"href":"https:\/\/brizamedia.ch\/wordpress_0\/wp-json\/wp\/v2\/comments?post=180"}],"version-history":[{"count":28,"href":"https:\/\/brizamedia.ch\/wordpress_0\/wp-json\/wp\/v2\/pages\/180\/revisions"}],"predecessor-version":[{"id":375,"href":"https:\/\/brizamedia.ch\/wordpress_0\/wp-json\/wp\/v2\/pages\/180\/revisions\/375"}],"wp:attachment":[{"href":"https:\/\/brizamedia.ch\/wordpress_0\/wp-json\/wp\/v2\/media?parent=180"}],"curies":[{"name":"wp","href":"https:\/\/api.w.org\/{rel}","templated":true}]}}