{"id":18,"date":"2015-03-08T11:19:16","date_gmt":"2015-03-08T11:19:16","guid":{"rendered":"http:\/\/brizamedia.ch\/wordpress_0\/?page_id=18"},"modified":"2020-02-27T13:25:44","modified_gmt":"2020-02-27T13:25:44","slug":"heckenschnitt-mit-sprachgefuhl","status":"publish","type":"page","link":"https:\/\/brizamedia.ch\/wordpress_0\/heckenschnitt-mit-sprachgefuhl\/","title":{"rendered":"Heckenschnitt mit Sprachgef\u00fchl"},"content":{"rendered":"<div class='row'><div style='padding-bottom:40px;' class='span9 first-module module_number_1 module_cont  module_html'><div class='bg_title'><h1 style='' class='headInModule'>Heckenschnitt mit Sprachgef\u00fchl<\/h1><\/div>\n                <div class='module_content'>\n                    <h2>Niemals um ein Wort oder Bild verlegen.<\/h2>\r\n<p><strong>Brizamedia&nbsp;bietet einen umfassenden Service&nbsp;rund um gr&uuml;ne Themen:<\/strong><\/p>\r\n<ul>\r\n<li>Texte f&uuml;r Fachmedien und Publikumszeitschriften<\/li>\r\n<li>Medien-Mitteilungen, PR-Berichte sowie Inserate<\/li>\r\n<li>Ghostwriting<\/li>\r\n<li>Konzeptarbeit f&uuml;r Kundenzeitschriften und Imagebrosch&uuml;ren<\/li>\r\n<li>Betriebs-Chroniken und Buchprojekte<\/li>\r\n<li>Webinhalte<\/li>\r\n<li>Garten-, Pflanzen- und Naturfotografie<\/li>\r\n<li>Lektorat und Korrektorat<\/li>\r\n<li>Auftragsbezogen ziehen wir Spezialisten aus den Sparten Fotografie, Film und Webdesign hinzu.<\/li>\r\n<\/ul>\n                <\/div><\/div><!-- .module_cont --><div style='padding-bottom:40px;' class='span3  module_number_2 module_cont  module_html'>\n                <div class='module_content'>\n                    \n                <\/div><\/div><!-- .module_cont --><\/div>","protected":false},"excerpt":{"rendered":"<p>Heckenschnitt mit Sprachgef\u00fchl Niemals um ein Wort oder Bild verlegen. Brizamedia&nbsp;bietet einen umfassenden Service&nbsp;rund um gr&uuml;ne Themen: Texte f&uuml;r Fachmedien und Publikumszeitschriften Medien-Mitteilungen, PR-Berichte sowie Inserate Ghostwriting Konzeptarbeit f&uuml;r Kundenzeitschriften und Imagebrosch&uuml;ren Betriebs-Chroniken und Buchprojekte Webinhalte Garten-, Pflanzen- und Naturfotografie Lektorat und Korrektorat Auftragsbezogen ziehen wir Spezialisten aus den Sparten Fotografie, Film und Webdesign hinzu.<\/p>\n","protected":false},"author":1,"featured_media":12,"parent":0,"menu_order":0,"comment_status":"closed","ping_status":"closed","template":"page-center.php","meta":{"footnotes":""},"class_list":["post-18","page","type-page","status-publish","has-post-thumbnail","hentry"],"yoast_head":"<!-- This site is optimized with the Yoast SEO plugin v27.0 - https:\/\/yoast.com\/product\/yoast-seo-wordpress\/ -->\n<title>Heckenschnitt mit Sprachgef\u00fchl: Fachtexte rund um gr\u00fcne Themen<\/title>\n<meta name=\"description\" content=\"Als Medienplattform f\u00fcr alle Themen rund um Pflanzen und Garten liefern wir fundierte Fachtexte und betreuen die Gartenbaubranche bei ihren PR-Aktivit\u00e4ten.\" \/>\n<meta name=\"robots\" content=\"index, follow, max-snippet:-1, max-image-preview:large, max-video-preview:-1\" \/>\n<link rel=\"canonical\" href=\"https:\/\/brizamedia.ch\/wordpress_0\/heckenschnitt-mit-sprachgefuhl\/\" \/>\n<meta property=\"og:locale\" content=\"en_US\" \/>\n<meta property=\"og:type\" content=\"article\" \/>\n<meta property=\"og:title\" content=\"Heckenschnitt mit Sprachgef\u00fchl: Fachtexte rund um gr\u00fcne Themen\" \/>\n<meta property=\"og:description\" content=\"Als Medienplattform f\u00fcr alle Themen rund um Pflanzen und Garten liefern wir fundierte Fachtexte und betreuen die Gartenbaubranche bei ihren PR-Aktivit\u00e4ten.\" \/>\n<meta property=\"og:url\" content=\"https:\/\/brizamedia.ch\/wordpress_0\/heckenschnitt-mit-sprachgefuhl\/\" \/>\n<meta property=\"og:site_name\" content=\"Brizamedia\" \/>\n<meta property=\"article:modified_time\" content=\"2020-02-27T13:25:44+00:00\" \/>\n<meta property=\"og:image\" content=\"http:\/\/brizamedia.ch\/wordpress_0\/wp-content\/uploads\/2015\/03\/giesskannen-hecke-konstanz.jpg\" \/>\n\t<meta property=\"og:image:width\" content=\"1920\" \/>\n\t<meta property=\"og:image:height\" content=\"995\" \/>\n\t<meta property=\"og:image:type\" content=\"image\/jpeg\" \/>\n<script type=\"application\/ld+json\" class=\"yoast-schema-graph\">{\"@context\":\"https:\/\/schema.org\",\"@graph\":[{\"@type\":\"WebPage\",\"@id\":\"https:\/\/brizamedia.ch\/wordpress_0\/heckenschnitt-mit-sprachgefuhl\/\",\"url\":\"https:\/\/brizamedia.ch\/wordpress_0\/heckenschnitt-mit-sprachgefuhl\/\",\"name\":\"Heckenschnitt mit Sprachgef\u00fchl: Fachtexte rund um gr\u00fcne Themen\",\"isPartOf\":{\"@id\":\"https:\/\/brizamedia.ch\/wordpress_0\/#website\"},\"primaryImageOfPage\":{\"@id\":\"https:\/\/brizamedia.ch\/wordpress_0\/heckenschnitt-mit-sprachgefuhl\/#primaryimage\"},\"image\":{\"@id\":\"https:\/\/brizamedia.ch\/wordpress_0\/heckenschnitt-mit-sprachgefuhl\/#primaryimage\"},\"thumbnailUrl\":\"https:\/\/brizamedia.ch\/wordpress_0\/wp-content\/uploads\/2015\/03\/giesskannen-hecke-konstanz.jpg\",\"datePublished\":\"2015-03-08T11:19:16+00:00\",\"dateModified\":\"2020-02-27T13:25:44+00:00\",\"description\":\"Als Medienplattform f\u00fcr alle Themen rund um Pflanzen und Garten liefern wir fundierte Fachtexte und betreuen die Gartenbaubranche bei ihren PR-Aktivit\u00e4ten.\",\"breadcrumb\":{\"@id\":\"https:\/\/brizamedia.ch\/wordpress_0\/heckenschnitt-mit-sprachgefuhl\/#breadcrumb\"},\"inLanguage\":\"en-US\",\"potentialAction\":[{\"@type\":\"ReadAction\",\"target\":[\"https:\/\/brizamedia.ch\/wordpress_0\/heckenschnitt-mit-sprachgefuhl\/\"]}]},{\"@type\":\"ImageObject\",\"inLanguage\":\"en-US\",\"@id\":\"https:\/\/brizamedia.ch\/wordpress_0\/heckenschnitt-mit-sprachgefuhl\/#primaryimage\",\"url\":\"https:\/\/brizamedia.ch\/wordpress_0\/wp-content\/uploads\/2015\/03\/giesskannen-hecke-konstanz.jpg\",\"contentUrl\":\"https:\/\/brizamedia.ch\/wordpress_0\/wp-content\/uploads\/2015\/03\/giesskannen-hecke-konstanz.jpg\",\"width\":1920,\"height\":995,\"caption\":\"Hecke aus Gieskannen\"},{\"@type\":\"BreadcrumbList\",\"@id\":\"https:\/\/brizamedia.ch\/wordpress_0\/heckenschnitt-mit-sprachgefuhl\/#breadcrumb\",\"itemListElement\":[{\"@type\":\"ListItem\",\"position\":1,\"name\":\"Home\",\"item\":\"https:\/\/brizamedia.ch\/wordpress_0\/\"},{\"@type\":\"ListItem\",\"position\":2,\"name\":\"Heckenschnitt mit Sprachgef\u00fchl\"}]},{\"@type\":\"WebSite\",\"@id\":\"https:\/\/brizamedia.ch\/wordpress_0\/#website\",\"url\":\"https:\/\/brizamedia.ch\/wordpress_0\/\",\"name\":\"Brizamedia\",\"description\":\"Medienservice f\u00fcr die gr\u00fcne Branche\",\"potentialAction\":[{\"@type\":\"SearchAction\",\"target\":{\"@type\":\"EntryPoint\",\"urlTemplate\":\"https:\/\/brizamedia.ch\/wordpress_0\/?s={search_term_string}\"},\"query-input\":{\"@type\":\"PropertyValueSpecification\",\"valueRequired\":true,\"valueName\":\"search_term_string\"}}],\"inLanguage\":\"en-US\"}]}<\/script>\n<!-- \/ Yoast SEO plugin. -->","yoast_head_json":{"title":"Heckenschnitt mit Sprachgef\u00fchl: Fachtexte rund um gr\u00fcne Themen","description":"Als Medienplattform f\u00fcr alle Themen rund um Pflanzen und Garten liefern wir fundierte Fachtexte und betreuen die Gartenbaubranche bei ihren PR-Aktivit\u00e4ten.","robots":{"index":"index","follow":"follow","max-snippet":"max-snippet:-1","max-image-preview":"max-image-preview:large","max-video-preview":"max-video-preview:-1"},"canonical":"https:\/\/brizamedia.ch\/wordpress_0\/heckenschnitt-mit-sprachgefuhl\/","og_locale":"en_US","og_type":"article","og_title":"Heckenschnitt mit Sprachgef\u00fchl: Fachtexte rund um gr\u00fcne Themen","og_description":"Als Medienplattform f\u00fcr alle Themen rund um Pflanzen und Garten liefern wir fundierte Fachtexte und betreuen die Gartenbaubranche bei ihren PR-Aktivit\u00e4ten.","og_url":"https:\/\/brizamedia.ch\/wordpress_0\/heckenschnitt-mit-sprachgefuhl\/","og_site_name":"Brizamedia","article_modified_time":"2020-02-27T13:25:44+00:00","og_image":[{"width":1920,"height":995,"url":"http:\/\/brizamedia.ch\/wordpress_0\/wp-content\/uploads\/2015\/03\/giesskannen-hecke-konstanz.jpg","type":"image\/jpeg"}],"schema":{"@context":"https:\/\/schema.org","@graph":[{"@type":"WebPage","@id":"https:\/\/brizamedia.ch\/wordpress_0\/heckenschnitt-mit-sprachgefuhl\/","url":"https:\/\/brizamedia.ch\/wordpress_0\/heckenschnitt-mit-sprachgefuhl\/","name":"Heckenschnitt mit Sprachgef\u00fchl: Fachtexte rund um gr\u00fcne Themen","isPartOf":{"@id":"https:\/\/brizamedia.ch\/wordpress_0\/#website"},"primaryImageOfPage":{"@id":"https:\/\/brizamedia.ch\/wordpress_0\/heckenschnitt-mit-sprachgefuhl\/#primaryimage"},"image":{"@id":"https:\/\/brizamedia.ch\/wordpress_0\/heckenschnitt-mit-sprachgefuhl\/#primaryimage"},"thumbnailUrl":"https:\/\/brizamedia.ch\/wordpress_0\/wp-content\/uploads\/2015\/03\/giesskannen-hecke-konstanz.jpg","datePublished":"2015-03-08T11:19:16+00:00","dateModified":"2020-02-27T13:25:44+00:00","description":"Als Medienplattform f\u00fcr alle Themen rund um Pflanzen und Garten liefern wir fundierte Fachtexte und betreuen die Gartenbaubranche bei ihren PR-Aktivit\u00e4ten.","breadcrumb":{"@id":"https:\/\/brizamedia.ch\/wordpress_0\/heckenschnitt-mit-sprachgefuhl\/#breadcrumb"},"inLanguage":"en-US","potentialAction":[{"@type":"ReadAction","target":["https:\/\/brizamedia.ch\/wordpress_0\/heckenschnitt-mit-sprachgefuhl\/"]}]},{"@type":"ImageObject","inLanguage":"en-US","@id":"https:\/\/brizamedia.ch\/wordpress_0\/heckenschnitt-mit-sprachgefuhl\/#primaryimage","url":"https:\/\/brizamedia.ch\/wordpress_0\/wp-content\/uploads\/2015\/03\/giesskannen-hecke-konstanz.jpg","contentUrl":"https:\/\/brizamedia.ch\/wordpress_0\/wp-content\/uploads\/2015\/03\/giesskannen-hecke-konstanz.jpg","width":1920,"height":995,"caption":"Hecke aus Gieskannen"},{"@type":"BreadcrumbList","@id":"https:\/\/brizamedia.ch\/wordpress_0\/heckenschnitt-mit-sprachgefuhl\/#breadcrumb","itemListElement":[{"@type":"ListItem","position":1,"name":"Home","item":"https:\/\/brizamedia.ch\/wordpress_0\/"},{"@type":"ListItem","position":2,"name":"Heckenschnitt mit Sprachgef\u00fchl"}]},{"@type":"WebSite","@id":"https:\/\/brizamedia.ch\/wordpress_0\/#website","url":"https:\/\/brizamedia.ch\/wordpress_0\/","name":"Brizamedia","description":"Medienservice f\u00fcr die gr\u00fcne Branche","potentialAction":[{"@type":"SearchAction","target":{"@type":"EntryPoint","urlTemplate":"https:\/\/brizamedia.ch\/wordpress_0\/?s={search_term_string}"},"query-input":{"@type":"PropertyValueSpecification","valueRequired":true,"valueName":"search_term_string"}}],"inLanguage":"en-US"}]}},"_links":{"self":[{"href":"https:\/\/brizamedia.ch\/wordpress_0\/wp-json\/wp\/v2\/pages\/18","targetHints":{"allow":["GET"]}}],"collection":[{"href":"https:\/\/brizamedia.ch\/wordpress_0\/wp-json\/wp\/v2\/pages"}],"about":[{"href":"https:\/\/brizamedia.ch\/wordpress_0\/wp-json\/wp\/v2\/types\/page"}],"author":[{"embeddable":true,"href":"https:\/\/brizamedia.ch\/wordpress_0\/wp-json\/wp\/v2\/users\/1"}],"replies":[{"embeddable":true,"href":"https:\/\/brizamedia.ch\/wordpress_0\/wp-json\/wp\/v2\/comments?post=18"}],"version-history":[{"count":7,"href":"https:\/\/brizamedia.ch\/wordpress_0\/wp-json\/wp\/v2\/pages\/18\/revisions"}],"predecessor-version":[{"id":374,"href":"https:\/\/brizamedia.ch\/wordpress_0\/wp-json\/wp\/v2\/pages\/18\/revisions\/374"}],"wp:featuredmedia":[{"embeddable":true,"href":"https:\/\/brizamedia.ch\/wordpress_0\/wp-json\/wp\/v2\/media\/12"}],"wp:attachment":[{"href":"https:\/\/brizamedia.ch\/wordpress_0\/wp-json\/wp\/v2\/media?parent=18"}],"curies":[{"name":"wp","href":"https:\/\/api.w.org\/{rel}","templated":true}]}}