{"id":16,"date":"2015-03-08T10:52:31","date_gmt":"2015-03-08T10:52:31","guid":{"rendered":"http:\/\/brizamedia.ch\/wordpress_0\/?page_id=16"},"modified":"2022-03-23T20:49:04","modified_gmt":"2022-03-23T20:49:04","slug":"gruner-medienservice","status":"publish","type":"page","link":"https:\/\/brizamedia.ch\/wordpress_0\/","title":{"rendered":"Brizamedia Service f\u00fcr die Gr\u00fcne Branche"},"content":{"rendered":"<div class='row'><div style='padding-bottom:40px;' class='span12 first-module module_number_1 module_cont  module_html'><div class='bg_title'><h2 style='' class='headInModule'>Damit Sie zu Wort kommen.<\/h2><\/div>\n                <div class='module_content'>\n                    <p class=\"MsoNormal\" style=\"mso-pagination: none; mso-outline-level: 1; mso-layout-grid-align: none; text-autospace: none;\">M&ouml;chten Sie eine Pressemitteilung oder ein Kundenmailing verschicken? Ihre Webseite oder&nbsp;den Social-Media-Auftritt mit neuen Inhalten f&uuml;ttern? Ist die&nbsp;Zeit gekommen f&uuml;r eine Betriebs-Chronik? Als versierte <a href=\"\/wordpress_0\/sample-page\/grune-daumen-und-spitze-federn\/\"> Schreiberinnen<\/a> mit praktischer Erfahrung in der gr&uuml;nen Branche wissen wir, welche Worte zu Ihnen passen. Wir beraten Sie gerne und f&uuml;hren Auftr&auml;ge in allen Schreibdisziplinen aus &ndash; vom einfachen Text &uuml;ber Publireportagen, Directmailings bis hin zu Brosch&uuml;ren, Magazinen oder B&uuml;chern.<\/p>\r\n<p class=\"MsoNormal\" style=\"mso-pagination: none; mso-layout-grid-align: none; text-autospace: none;\"><span style=\"mso-ascii-font-family: Calibri; mso-hansi-font-family: Calibri; mso-bidi-font-family: OfficinaSansStd-Book; color: #3b3b3b;\">In einem gemeinsamen Briefing finden wir heraus, was Sie wie sagen m&ouml;chten. Mit Sachverstand und Kreativit&auml;t setzen wir Ihre Ideen um und fassen Ihre Botschaft in Worte. Sie werden ihre Wirkung nicht verfehlen.<\/span>&nbsp;<\/p>\r\n<p>&nbsp;<\/p>\r\n<p>Informieren Sie sich &uuml;ber unsere Leistungen und erfahren Sie, was \"<a href=\"\/wordpress_0\/heckenschnitt-mit-sprachgefuhl\/\">Heckenschnitt mit Sprachgef&uuml;hl<\/a>\" bedeutet.&nbsp;<span style=\"color: #3b3b3b;\">Wir freuen uns auf Ihre <a href=\"\/wordpress_0\/brizamedia-service-fur-die-grune-branche\/brizamedia-kontakt\/\">Kontaktaufnahme.<\/a><\/span><\/p>\r\n<p>&nbsp;<\/p>\n                <\/div><\/div><!-- .module_cont --><\/div>","protected":false},"excerpt":{"rendered":"<p>Damit Sie zu Wort kommen. M&ouml;chten Sie eine Pressemitteilung oder ein Kundenmailing verschicken? Ihre Webseite oder&nbsp;den Social-Media-Auftritt mit neuen Inhalten f&uuml;ttern? Ist die&nbsp;Zeit gekommen f&uuml;r eine Betriebs-Chronik? Als versierte Schreiberinnen mit praktischer Erfahrung in der gr&uuml;nen Branche wissen wir, welche Worte zu Ihnen passen. Wir beraten Sie gerne und f&uuml;hren Auftr&auml;ge in allen Schreibdisziplinen aus &ndash; vom einfachen Text &uuml;ber Publireportagen, Directmailings bis hin zu Brosch&uuml;ren, Magazinen oder B&uuml;chern. In einem gemeinsamen Briefing finden wir heraus, was Sie wie sagen m&ouml;chten. Mit Sachverstand und Kreativit&auml;t setzen wir Ihre Ideen um und fassen Ihre Botschaft in Worte. Sie werden ihre Wirkung nicht verfehlen.&nbsp; &nbsp; Informieren Sie sich &uuml;ber unsere Leistungen und erfahren Sie, was &#8220;Heckenschnitt mit Sprachgef&uuml;hl&#8221; bedeutet.&nbsp;Wir freuen uns auf Ihre Kontaktaufnahme. &nbsp;<\/p>\n","protected":false},"author":1,"featured_media":7,"parent":0,"menu_order":0,"comment_status":"closed","ping_status":"closed","template":"page-center.php","meta":{"footnotes":""},"class_list":["post-16","page","type-page","status-publish","has-post-thumbnail","hentry"],"yoast_head":"<!-- This site is optimized with the Yoast SEO plugin v27.0 - https:\/\/yoast.com\/product\/yoast-seo-wordpress\/ -->\n<title>Gr\u00fcner Medienservice mit fachlichem Know-how<\/title>\n<meta name=\"description\" content=\"Brizamedia richtet sich an Fach- und Publikumsmedien, g\u00e4rtnerische KMUs und verwandte Bereiche. Ein Medienservice f\u00fcr alle, denen Gr\u00fcn am Herzen liegt.\" \/>\n<meta name=\"robots\" content=\"index, follow, max-snippet:-1, max-image-preview:large, max-video-preview:-1\" \/>\n<link rel=\"canonical\" href=\"https:\/\/brizamedia.ch\/wordpress_0\/\" \/>\n<meta property=\"og:locale\" content=\"en_US\" \/>\n<meta property=\"og:type\" content=\"article\" \/>\n<meta property=\"og:title\" content=\"Gr\u00fcner Medienservice mit fachlichem Know-how\" \/>\n<meta property=\"og:description\" content=\"Brizamedia richtet sich an Fach- und Publikumsmedien, g\u00e4rtnerische KMUs und verwandte Bereiche. Ein Medienservice f\u00fcr alle, denen Gr\u00fcn am Herzen liegt.\" \/>\n<meta property=\"og:url\" content=\"https:\/\/brizamedia.ch\/wordpress_0\/\" \/>\n<meta property=\"og:site_name\" content=\"Brizamedia\" \/>\n<meta property=\"article:modified_time\" content=\"2022-03-23T20:49:04+00:00\" \/>\n<meta property=\"og:image\" content=\"https:\/\/brizamedia.ch\/wordpress_0\/wp-content\/uploads\/2015\/03\/krokus-wiese11.jpg\" \/>\n\t<meta property=\"og:image:width\" content=\"1920\" \/>\n\t<meta property=\"og:image:height\" content=\"995\" \/>\n\t<meta property=\"og:image:type\" content=\"image\/jpeg\" \/>\n<script type=\"application\/ld+json\" class=\"yoast-schema-graph\">{\"@context\":\"https:\/\/schema.org\",\"@graph\":[{\"@type\":\"WebPage\",\"@id\":\"https:\/\/brizamedia.ch\/wordpress_0\/\",\"url\":\"https:\/\/brizamedia.ch\/wordpress_0\/\",\"name\":\"Gr\u00fcner Medienservice mit fachlichem Know-how\",\"isPartOf\":{\"@id\":\"https:\/\/brizamedia.ch\/wordpress_0\/#website\"},\"primaryImageOfPage\":{\"@id\":\"https:\/\/brizamedia.ch\/wordpress_0\/#primaryimage\"},\"image\":{\"@id\":\"https:\/\/brizamedia.ch\/wordpress_0\/#primaryimage\"},\"thumbnailUrl\":\"https:\/\/brizamedia.ch\/wordpress_0\/wp-content\/uploads\/2015\/03\/krokus-wiese11.jpg\",\"datePublished\":\"2015-03-08T10:52:31+00:00\",\"dateModified\":\"2022-03-23T20:49:04+00:00\",\"description\":\"Brizamedia richtet sich an Fach- und Publikumsmedien, g\u00e4rtnerische KMUs und verwandte Bereiche. Ein Medienservice f\u00fcr alle, denen Gr\u00fcn am Herzen liegt.\",\"breadcrumb\":{\"@id\":\"https:\/\/brizamedia.ch\/wordpress_0\/#breadcrumb\"},\"inLanguage\":\"en-US\",\"potentialAction\":[{\"@type\":\"ReadAction\",\"target\":[\"https:\/\/brizamedia.ch\/wordpress_0\/\"]}]},{\"@type\":\"ImageObject\",\"inLanguage\":\"en-US\",\"@id\":\"https:\/\/brizamedia.ch\/wordpress_0\/#primaryimage\",\"url\":\"https:\/\/brizamedia.ch\/wordpress_0\/wp-content\/uploads\/2015\/03\/krokus-wiese11.jpg\",\"contentUrl\":\"https:\/\/brizamedia.ch\/wordpress_0\/wp-content\/uploads\/2015\/03\/krokus-wiese11.jpg\",\"width\":1920,\"height\":995,\"caption\":\"Drei Krokus auf einer Wiese\"},{\"@type\":\"BreadcrumbList\",\"@id\":\"https:\/\/brizamedia.ch\/wordpress_0\/#breadcrumb\",\"itemListElement\":[{\"@type\":\"ListItem\",\"position\":1,\"name\":\"Home\",\"item\":\"https:\/\/brizamedia.ch\/wordpress_0\/\"},{\"@type\":\"ListItem\",\"position\":2,\"name\":\"Brizamedia Service f\u00fcr die Gr\u00fcne Branche\"}]},{\"@type\":\"WebSite\",\"@id\":\"https:\/\/brizamedia.ch\/wordpress_0\/#website\",\"url\":\"https:\/\/brizamedia.ch\/wordpress_0\/\",\"name\":\"Brizamedia\",\"description\":\"Medienservice f\u00fcr die gr\u00fcne Branche\",\"potentialAction\":[{\"@type\":\"SearchAction\",\"target\":{\"@type\":\"EntryPoint\",\"urlTemplate\":\"https:\/\/brizamedia.ch\/wordpress_0\/?s={search_term_string}\"},\"query-input\":{\"@type\":\"PropertyValueSpecification\",\"valueRequired\":true,\"valueName\":\"search_term_string\"}}],\"inLanguage\":\"en-US\"}]}<\/script>\n<!-- \/ Yoast SEO plugin. -->","yoast_head_json":{"title":"Gr\u00fcner Medienservice mit fachlichem Know-how","description":"Brizamedia richtet sich an Fach- und Publikumsmedien, g\u00e4rtnerische KMUs und verwandte Bereiche. Ein Medienservice f\u00fcr alle, denen Gr\u00fcn am Herzen liegt.","robots":{"index":"index","follow":"follow","max-snippet":"max-snippet:-1","max-image-preview":"max-image-preview:large","max-video-preview":"max-video-preview:-1"},"canonical":"https:\/\/brizamedia.ch\/wordpress_0\/","og_locale":"en_US","og_type":"article","og_title":"Gr\u00fcner Medienservice mit fachlichem Know-how","og_description":"Brizamedia richtet sich an Fach- und Publikumsmedien, g\u00e4rtnerische KMUs und verwandte Bereiche. Ein Medienservice f\u00fcr alle, denen Gr\u00fcn am Herzen liegt.","og_url":"https:\/\/brizamedia.ch\/wordpress_0\/","og_site_name":"Brizamedia","article_modified_time":"2022-03-23T20:49:04+00:00","og_image":[{"width":1920,"height":995,"url":"https:\/\/brizamedia.ch\/wordpress_0\/wp-content\/uploads\/2015\/03\/krokus-wiese11.jpg","type":"image\/jpeg"}],"schema":{"@context":"https:\/\/schema.org","@graph":[{"@type":"WebPage","@id":"https:\/\/brizamedia.ch\/wordpress_0\/","url":"https:\/\/brizamedia.ch\/wordpress_0\/","name":"Gr\u00fcner Medienservice mit fachlichem Know-how","isPartOf":{"@id":"https:\/\/brizamedia.ch\/wordpress_0\/#website"},"primaryImageOfPage":{"@id":"https:\/\/brizamedia.ch\/wordpress_0\/#primaryimage"},"image":{"@id":"https:\/\/brizamedia.ch\/wordpress_0\/#primaryimage"},"thumbnailUrl":"https:\/\/brizamedia.ch\/wordpress_0\/wp-content\/uploads\/2015\/03\/krokus-wiese11.jpg","datePublished":"2015-03-08T10:52:31+00:00","dateModified":"2022-03-23T20:49:04+00:00","description":"Brizamedia richtet sich an Fach- und Publikumsmedien, g\u00e4rtnerische KMUs und verwandte Bereiche. Ein Medienservice f\u00fcr alle, denen Gr\u00fcn am Herzen liegt.","breadcrumb":{"@id":"https:\/\/brizamedia.ch\/wordpress_0\/#breadcrumb"},"inLanguage":"en-US","potentialAction":[{"@type":"ReadAction","target":["https:\/\/brizamedia.ch\/wordpress_0\/"]}]},{"@type":"ImageObject","inLanguage":"en-US","@id":"https:\/\/brizamedia.ch\/wordpress_0\/#primaryimage","url":"https:\/\/brizamedia.ch\/wordpress_0\/wp-content\/uploads\/2015\/03\/krokus-wiese11.jpg","contentUrl":"https:\/\/brizamedia.ch\/wordpress_0\/wp-content\/uploads\/2015\/03\/krokus-wiese11.jpg","width":1920,"height":995,"caption":"Drei Krokus auf einer Wiese"},{"@type":"BreadcrumbList","@id":"https:\/\/brizamedia.ch\/wordpress_0\/#breadcrumb","itemListElement":[{"@type":"ListItem","position":1,"name":"Home","item":"https:\/\/brizamedia.ch\/wordpress_0\/"},{"@type":"ListItem","position":2,"name":"Brizamedia Service f\u00fcr die Gr\u00fcne Branche"}]},{"@type":"WebSite","@id":"https:\/\/brizamedia.ch\/wordpress_0\/#website","url":"https:\/\/brizamedia.ch\/wordpress_0\/","name":"Brizamedia","description":"Medienservice f\u00fcr die gr\u00fcne Branche","potentialAction":[{"@type":"SearchAction","target":{"@type":"EntryPoint","urlTemplate":"https:\/\/brizamedia.ch\/wordpress_0\/?s={search_term_string}"},"query-input":{"@type":"PropertyValueSpecification","valueRequired":true,"valueName":"search_term_string"}}],"inLanguage":"en-US"}]}},"_links":{"self":[{"href":"https:\/\/brizamedia.ch\/wordpress_0\/wp-json\/wp\/v2\/pages\/16","targetHints":{"allow":["GET"]}}],"collection":[{"href":"https:\/\/brizamedia.ch\/wordpress_0\/wp-json\/wp\/v2\/pages"}],"about":[{"href":"https:\/\/brizamedia.ch\/wordpress_0\/wp-json\/wp\/v2\/types\/page"}],"author":[{"embeddable":true,"href":"https:\/\/brizamedia.ch\/wordpress_0\/wp-json\/wp\/v2\/users\/1"}],"replies":[{"embeddable":true,"href":"https:\/\/brizamedia.ch\/wordpress_0\/wp-json\/wp\/v2\/comments?post=16"}],"version-history":[{"count":8,"href":"https:\/\/brizamedia.ch\/wordpress_0\/wp-json\/wp\/v2\/pages\/16\/revisions"}],"predecessor-version":[{"id":371,"href":"https:\/\/brizamedia.ch\/wordpress_0\/wp-json\/wp\/v2\/pages\/16\/revisions\/371"}],"wp:featuredmedia":[{"embeddable":true,"href":"https:\/\/brizamedia.ch\/wordpress_0\/wp-json\/wp\/v2\/media\/7"}],"wp:attachment":[{"href":"https:\/\/brizamedia.ch\/wordpress_0\/wp-json\/wp\/v2\/media?parent=16"}],"curies":[{"name":"wp","href":"https:\/\/api.w.org\/{rel}","templated":true}]}}